{"id":5,"date":"2023-07-19T09:51:33","date_gmt":"2023-07-19T07:51:33","guid":{"rendered":"http:\/\/batigne.net\/?page_id=5"},"modified":"2023-07-20T12:16:16","modified_gmt":"2023-07-20T10:16:16","slug":"creez-votre-site-avec-des-blocs","status":"publish","type":"page","link":"https:\/\/batigne.net\/","title":{"rendered":"G\u00e9n\u00e9alogie"},"content":{"rendered":"\n<div class=\"wp-block-columns is-layout-flex wp-container-core-columns-is-layout-9d6595d7 wp-block-columns-is-layout-flex\">\n<div class=\"wp-block-column is-layout-flow wp-block-column-is-layout-flow\" style=\"flex-basis:100%\">\n<h1 class=\"wp-block-heading has-text-align-center has-text-align-wide has-large-font-size\" style=\"line-height:1.1\">Bienvenue sur le site de St\u00e9phane BATIGNE<\/h1>\n<\/div>\n<\/div>\n\n\n\n<p>Ce site est principalement consacr\u00e9 \u00e0 l&rsquo;histoire de ma famille. Sans le travail de Paul THIOLIERE, de Colette THIOLIERE-BATIGNE et Agn\u00e8s BATIGNE, ni l&rsquo;aide de Philippe CORBIERE (81), l&rsquo;ensemble serait bien pauvre et je les remercie de m&rsquo;avoir transmis le r\u00e9sultat de leurs patientes recherches.<\/p>\n\n\n\n<div class=\"wp-block-columns alignwide are-vertically-aligned-center is-style-twentytwentyone-columns-overlap is-layout-flex wp-container-core-columns-is-layout-9d6595d7 wp-block-columns-is-layout-flex\">\n<div class=\"wp-block-column is-vertically-aligned-center is-layout-flow wp-block-column-is-layout-flow\">\n<figure class=\"wp-block-image alignfull size-large is-style-twentytwentyone-image-frame\"><img decoding=\"async\" src=\"http:\/\/batigne.net\/site\/photos\/OeuvresBATIGNE\/FBATbeda.JPG\" alt=\"Fran\u00e7ois Victor BATIGNE: Paysages aux environs de B\u00e9darieux\" class=\"wp-image-25\" title=\"Fran\u00e7ois Victor BATIGNE: Paysages aux environs de B\u00e9darieux\"\/><\/figure>\n<\/div>\n<\/div>\n\n\n\n<ol class=\"wp-block-list\">\n<li>Ma <a href=\"http:\/\/gw.geneanet.org\/stefbatigne_w\" target=\"_blank\" rel=\"noreferrer noopener\">GENEALOGIE EN LIGNE<\/a> AU 17 janvier 2019<\/li>\n\n\n\n<li>Relev\u00e9 des <a href=\"http:\/\/batigne.net\/site\/notaires\">Actes notari\u00e9s<\/a> de ma famille<\/li>\n\n\n\n<li>Documents int\u00e9ressant :\n<ul class=\"wp-block-list\">\n<li><a href=\"http:\/\/batigne.net\/site\/religion.html\" data-type=\"URL\" data-id=\"http:\/\/batigne.net\/site\/religion.html\">La part de la foi: legs, entr\u00e9es en religion, fermages eccl\u00e9siastiques \u2026<\/a><\/li>\n\n\n\n<li><a href=\"http:\/\/batigne.net\/site\/communes.html\" data-type=\"URL\" data-id=\"http:\/\/batigne.net\/site\/communes.html\">Communaut\u00e9s et paroisses d&rsquo;Ancien R\u00e9gime<\/a><\/li>\n\n\n\n<li><a href=\"http:\/\/batigne.net\/site\/MesuresAR.html\" data-type=\"URL\" data-id=\"http:\/\/batigne.net\/site\/MesuresAR.html\">Mesures d&rsquo;Ancien R\u00e9gime<\/a> (augment\u00e9 12\/2017)<\/li>\n\n\n\n<li><a href=\"http:\/\/batigne.net\/site\/Lexique.html\" data-type=\"URL\" data-id=\"http:\/\/batigne.net\/site\/Lexique.html\">Lexique<\/a><\/li>\n\n\n\n<li><a href=\"http:\/\/batigne.net\/site\/compoix.html\" data-type=\"URL\" data-id=\"http:\/\/batigne.net\/site\/compoix.html\">Compoix<\/a><\/li>\n\n\n\n<li><a href=\"http:\/\/batigne.net\/site\/terriers.html\" data-type=\"URL\" data-id=\"http:\/\/batigne.net\/site\/terriers.html\">Terriers<\/a> (augment\u00e9 12\/2017)<\/li>\n\n\n\n<li><a href=\"http:\/\/batigne.net\/site\/Photogra.html\" data-type=\"URL\" data-id=\"http:\/\/batigne.net\/site\/Photogra.html\">Photographies<\/a><\/li>\n<\/ul>\n<\/li>\n\n\n\n<li>Familles <a href=\"http:\/\/batigne.net\/site\/Orellu.html\" data-type=\"URL\" data-id=\"http:\/\/batigne.net\/site\/Orellu.html\">ORELLU<\/a> Loire, <a href=\"http:\/\/batigne.net\/site\/Barascut.html\" data-type=\"URL\" data-id=\"http:\/\/batigne.net\/site\/Barascut.html\">BARASCUT<\/a> Aveyron, H\u00e9rault, <a href=\"http:\/\/batigne.net\/site\/Brunel.html\" data-type=\"URL\" data-id=\"http:\/\/batigne.net\/site\/Brunel.html\">BRUNEL<\/a> H\u00e9rault<\/li>\n\n\n\n<li>L&rsquo;activit\u00e9 d&rsquo;une vie: <a href=\"http:\/\/batigne.net\/site\/ActiviteEVernetteVieuxG12.html\" data-type=\"URL\" data-id=\"http:\/\/batigne.net\/site\/ActiviteEVernetteVieuxG12.html\">Estienne VERNETTE Vieux<\/a>, des Plans (34) <a href=\"http:\/\/batigne.net\/site\/ActesdeGuilhaumeGrailhe.html\" data-type=\"URL\" data-id=\"http:\/\/batigne.net\/site\/ActesdeGuilhaumeGrailhe.html\">Guilaume de Grailhe de l&rsquo;Alamanderie<\/a>, Campestre 30<\/li>\n\n\n\n<li>266 lettres <a href=\"http:\/\/batigne.net\/site\/Correspondance.html\" data-type=\"URL\" data-id=\"http:\/\/batigne.net\/site\/Correspondance.html\">Andr\u00e9 et Colette BATIGNE<\/a> 1945-1949<\/li>\n\n\n\n<li>Plus de <a href=\"http:\/\/batigne.net\/site\/PageBas.html\" data-type=\"URL\" data-id=\"http:\/\/batigne.net\/site\/PageBas.html\">5614 actes de Bas en Basset<\/a> (43), conserv\u00e9s aux AD42 St ETIENNE.<\/li>\n\n\n\n<li>D\u00e9pouillements sur <a href=\"http:\/\/batigne.net\/site\/PageChazelles.html\" data-type=\"URL\" data-id=\"http:\/\/batigne.net\/site\/PageChazelles.html\">Chazelles sur Lyon<\/a> (42) , <a href=\"http:\/\/batigne.net\/site\/PageStAntheme.html\" data-type=\"URL\" data-id=\"http:\/\/batigne.net\/site\/PageStAntheme.html\">Saint-Anth\u00e8me<\/a> (63) et <a href=\"http:\/\/batigne.net\/site\/PageJob.html\" data-type=\"URL\" data-id=\"http:\/\/batigne.net\/site\/PageJob.html\">Job<\/a> (63) nouveau 08\/2018<\/li>\n<\/ol>\n\n\n\n<div style=\"height:50px\" aria-hidden=\"true\" class=\"wp-block-spacer\"><\/div>\n\n\n\n<div style=\"height:100px\" aria-hidden=\"true\" class=\"wp-block-spacer\"><\/div>\n","protected":false},"excerpt":{"rendered":"<p>Bienvenue sur le site de St\u00e9phane BATIGNE Ce site est principalement consacr\u00e9 \u00e0 l&rsquo;histoire de ma famille. Sans le travail de Paul THIOLIERE, de Colette THIOLIERE-BATIGNE et Agn\u00e8s BATIGNE, ni l&rsquo;aide de Philippe CORBIERE (81), l&rsquo;ensemble serait bien pauvre et je les remercie de m&rsquo;avoir transmis le r\u00e9sultat de leurs patientes recherches.<\/p>\n","protected":false},"author":1,"featured_media":0,"parent":0,"menu_order":0,"comment_status":"closed","ping_status":"closed","template":"","meta":{"footnotes":""},"class_list":["post-5","page","type-page","status-publish","hentry","entry"],"_links":{"self":[{"href":"https:\/\/batigne.net\/index.php\/wp-json\/wp\/v2\/pages\/5","targetHints":{"allow":["GET"]}}],"collection":[{"href":"https:\/\/batigne.net\/index.php\/wp-json\/wp\/v2\/pages"}],"about":[{"href":"https:\/\/batigne.net\/index.php\/wp-json\/wp\/v2\/types\/page"}],"author":[{"embeddable":true,"href":"https:\/\/batigne.net\/index.php\/wp-json\/wp\/v2\/users\/1"}],"replies":[{"embeddable":true,"href":"https:\/\/batigne.net\/index.php\/wp-json\/wp\/v2\/comments?post=5"}],"version-history":[{"count":13,"href":"https:\/\/batigne.net\/index.php\/wp-json\/wp\/v2\/pages\/5\/revisions"}],"predecessor-version":[{"id":48,"href":"https:\/\/batigne.net\/index.php\/wp-json\/wp\/v2\/pages\/5\/revisions\/48"}],"wp:attachment":[{"href":"https:\/\/batigne.net\/index.php\/wp-json\/wp\/v2\/media?parent=5"}],"curies":[{"name":"wp","href":"https:\/\/api.w.org\/{rel}","templated":true}]}}