{"id":6,"date":"2023-07-19T09:51:33","date_gmt":"2023-07-19T07:51:33","guid":{"rendered":"http:\/\/batigne.net\/?page_id=6"},"modified":"2023-07-19T16:09:55","modified_gmt":"2023-07-19T14:09:55","slug":"a-propos-de","status":"publish","type":"page","link":"https:\/\/batigne.net\/index.php\/a-propos-de\/","title":{"rendered":"\u00c0 propos de"},"content":{"rendered":"\n<p>L&rsquo;auteur du site, St\u00e9phane BATIGNE, est d\u00e9c\u00e9d\u00e9 fin 2021.<\/p>\n\n\n\n<p>Le site, \u00e0 l&rsquo;origine sur <a rel=\"noreferrer noopener\" href=\"https:\/\/stefbatigne.pagesperso-orange.fr\/index.html\" target=\"_blank\">https:\/\/stefbatigne.pagesperso-orange.fr\/index.html<\/a> a \u00e9t\u00e9 d\u00e9plac\u00e9 pour que le travail r\u00e9alis\u00e9 reste disponible. Aucune mise \u00e0 jour n&rsquo;est pr\u00e9vue.<\/p>\n","protected":false},"excerpt":{"rendered":"<p>L&rsquo;auteur du site, St\u00e9phane BATIGNE, est d\u00e9c\u00e9d\u00e9 fin 2021. Le site, \u00e0 l&rsquo;origine sur https:\/\/stefbatigne.pagesperso-orange.fr\/index.html a \u00e9t\u00e9 d\u00e9plac\u00e9 pour que le travail r\u00e9alis\u00e9 reste disponible. Aucune mise \u00e0 jour n&rsquo;est pr\u00e9vue.<\/p>\n","protected":false},"author":1,"featured_media":0,"parent":0,"menu_order":0,"comment_status":"closed","ping_status":"closed","template":"","meta":{"footnotes":""},"class_list":["post-6","page","type-page","status-publish","hentry","entry"],"_links":{"self":[{"href":"https:\/\/batigne.net\/index.php\/wp-json\/wp\/v2\/pages\/6","targetHints":{"allow":["GET"]}}],"collection":[{"href":"https:\/\/batigne.net\/index.php\/wp-json\/wp\/v2\/pages"}],"about":[{"href":"https:\/\/batigne.net\/index.php\/wp-json\/wp\/v2\/types\/page"}],"author":[{"embeddable":true,"href":"https:\/\/batigne.net\/index.php\/wp-json\/wp\/v2\/users\/1"}],"replies":[{"embeddable":true,"href":"https:\/\/batigne.net\/index.php\/wp-json\/wp\/v2\/comments?post=6"}],"version-history":[{"count":4,"href":"https:\/\/batigne.net\/index.php\/wp-json\/wp\/v2\/pages\/6\/revisions"}],"predecessor-version":[{"id":46,"href":"https:\/\/batigne.net\/index.php\/wp-json\/wp\/v2\/pages\/6\/revisions\/46"}],"wp:attachment":[{"href":"https:\/\/batigne.net\/index.php\/wp-json\/wp\/v2\/media?parent=6"}],"curies":[{"name":"wp","href":"https:\/\/api.w.org\/{rel}","templated":true}]}}